{"id":2577,"date":"2013-11-12T15:57:17","date_gmt":"2013-11-12T13:57:17","guid":{"rendered":"http:\/\/www.ff-averlak-blangenmoor.de\/wcms\/?page_id=2577"},"modified":"2013-11-12T16:14:18","modified_gmt":"2013-11-12T14:14:18","slug":"2577-2","status":"publish","type":"page","link":"http:\/\/www.ff-averlak-blangenmoor.de\/wcms\/wir-uber-uns\/der-feuerwehrmann\/2577-2\/","title":{"rendered":"Uniform SH"},"content":{"rendered":"<h1><strong>Uniform der Freiwilligen Feuerwehren im Land Schleswig-Holstein<\/strong><\/h1>\n<p><img loading=\"lazy\" decoding=\"async\" class=\"aligncenter size-full wp-image-1925\" alt=\"Bildschirmfoto 2013-09-15 um 18.47.56\" src=\"http:\/\/www.ff-averlak-blangenmoor.de\/wcms\/wp-content\/uploads\/2013\/09\/Bildschirmfoto-2013-09-15-um-18.47.56.png\" width=\"437\" height=\"742\" srcset=\"http:\/\/www.ff-averlak-blangenmoor.de\/wcms\/wp-content\/uploads\/2013\/09\/Bildschirmfoto-2013-09-15-um-18.47.56.png 437w, http:\/\/www.ff-averlak-blangenmoor.de\/wcms\/wp-content\/uploads\/2013\/09\/Bildschirmfoto-2013-09-15-um-18.47.56-176x300.png 176w\" sizes=\"auto, (max-width: 437px) 100vw, 437px\" \/><\/p>\n<ul>\n<li><strong>M\u00fctzenkordel und Schulterst\u00fccke<\/strong>: An ihnen l\u00e4sst sich der Dienstgrad eines Feuerwehrangeh\u00f6rigen erkennen.<\/li>\n<li><strong>\u00c4rmelabzeichen<\/strong>: An ihnen l\u00e4sst sich erkennen welche Lehrg\u00e4nge bereits belegt wurden.<\/li>\n<\/ul>\n<table class=\" aligncenter\">\n<tbody>\n<tr>\n<td style=\"text-align: left;\"><a href=\"http:\/\/www.ff-averlak-blangenmoor.de\/wcms\/wir-uber-uns\/der-feuerwehrmann\/2577-2\/dienstgrade\/\"><img loading=\"lazy\" decoding=\"async\" class=\"size-medium wp-image-2574\" alt=\"Dienstgrade\" src=\"http:\/\/www.ff-averlak-blangenmoor.de\/wcms\/wp-content\/uploads\/2013\/11\/Dienstgrade-300x63.jpg\" width=\"300\" height=\"63\" srcset=\"http:\/\/www.ff-averlak-blangenmoor.de\/wcms\/wp-content\/uploads\/2013\/11\/Dienstgrade-300x63.jpg 300w, http:\/\/www.ff-averlak-blangenmoor.de\/wcms\/wp-content\/uploads\/2013\/11\/Dienstgrade.jpg 542w\" sizes=\"auto, (max-width: 300px) 100vw, 300px\" \/><\/a><\/td>\n<td style=\"text-align: left;\"><a href=\"http:\/\/www.ff-averlak-blangenmoor.de\/wcms\/wir-uber-uns\/der-feuerwehrmann\/2577-2\/ehrenzeichen\/\"><img loading=\"lazy\" decoding=\"async\" class=\"alignleft size-medium wp-image-2575\" alt=\"Ehrenzeichen\" src=\"http:\/\/www.ff-averlak-blangenmoor.de\/wcms\/wp-content\/uploads\/2013\/11\/Ehrenzeichen-300x63.jpg\" width=\"300\" height=\"63\" srcset=\"http:\/\/www.ff-averlak-blangenmoor.de\/wcms\/wp-content\/uploads\/2013\/11\/Ehrenzeichen-300x63.jpg 300w, http:\/\/www.ff-averlak-blangenmoor.de\/wcms\/wp-content\/uploads\/2013\/11\/Ehrenzeichen.jpg 542w\" sizes=\"auto, (max-width: 300px) 100vw, 300px\" \/><\/a><\/td>\n<\/tr>\n<\/tbody>\n<\/table>\n<p style=\"text-align: center;\"><a href=\"http:\/\/www.ff-averlak-blangenmoor.de\/wcms\/wir-uber-uns\/der-feuerwehrmann\/\"><img loading=\"lazy\" decoding=\"async\" class=\"aligncenter size-full wp-image-2566\" alt=\"Button zur\u00fcck\" src=\"http:\/\/www.ff-averlak-blangenmoor.de\/wcms\/wp-content\/uploads\/2013\/11\/Button-zur\u00fcck.jpg\" width=\"100\" height=\"50\" \/><\/a><\/p>\n<p style=\"text-align: center;\">\n","protected":false},"excerpt":{"rendered":"Uniform der Freiwilligen Feuerwehren im Land Schleswig-Holstein\n\n\nM\u00fctzenkordel und Schulterst\u00fccke: An ihnen l\u00e4sst sich der Dienstgrad eines Feuerwehrangeh\u00f6rigen erkennen.\n\u00c4rmelabzeichen: An ihnen l\u00e4sst sich erkennen welche Lehrg\u00e4nge &hellip;","protected":false},"author":5,"featured_media":0,"parent":1852,"menu_order":2,"comment_status":"closed","ping_status":"open","template":"","meta":{"ngg_post_thumbnail":0,"_mc_calendar":[],"footnotes":""},"class_list":["post-2577","page","type-page","status-publish","hentry"],"_links":{"self":[{"href":"http:\/\/www.ff-averlak-blangenmoor.de\/wcms\/wp-json\/wp\/v2\/pages\/2577","targetHints":{"allow":["GET"]}}],"collection":[{"href":"http:\/\/www.ff-averlak-blangenmoor.de\/wcms\/wp-json\/wp\/v2\/pages"}],"about":[{"href":"http:\/\/www.ff-averlak-blangenmoor.de\/wcms\/wp-json\/wp\/v2\/types\/page"}],"author":[{"embeddable":true,"href":"http:\/\/www.ff-averlak-blangenmoor.de\/wcms\/wp-json\/wp\/v2\/users\/5"}],"replies":[{"embeddable":true,"href":"http:\/\/www.ff-averlak-blangenmoor.de\/wcms\/wp-json\/wp\/v2\/comments?post=2577"}],"version-history":[{"count":5,"href":"http:\/\/www.ff-averlak-blangenmoor.de\/wcms\/wp-json\/wp\/v2\/pages\/2577\/revisions"}],"predecessor-version":[{"id":2580,"href":"http:\/\/www.ff-averlak-blangenmoor.de\/wcms\/wp-json\/wp\/v2\/pages\/2577\/revisions\/2580"}],"up":[{"embeddable":true,"href":"http:\/\/www.ff-averlak-blangenmoor.de\/wcms\/wp-json\/wp\/v2\/pages\/1852"}],"wp:attachment":[{"href":"http:\/\/www.ff-averlak-blangenmoor.de\/wcms\/wp-json\/wp\/v2\/media?parent=2577"}],"curies":[{"name":"wp","href":"https:\/\/api.w.org\/{rel}","templated":true}]}}