{"id":227,"date":"2012-09-26T14:09:05","date_gmt":"2012-09-26T12:09:05","guid":{"rendered":"http:\/\/www.ff-averlak-blangenmoor.de\/wcms\/?page_id=227"},"modified":"2013-11-06T11:52:09","modified_gmt":"2013-11-06T09:52:09","slug":"rettungskarten","status":"publish","type":"page","link":"http:\/\/www.ff-averlak-blangenmoor.de\/wcms\/burgerinformationen\/rettungskarten\/","title":{"rendered":"Rettungskarten"},"content":{"rendered":"<p>&nbsp;<\/p>\n<p>Die Technik in der Autoindustrie hat sich in den letzten Jahren drastisch verbessert. Nicht nur die Techniken der Fahrzeugherstellung hat eine Ver\u00e4nderung herbeigef\u00fchrt, sondern ganz besonders die modernen Sicherheitstechnicken.<\/p>\n<p>Die neuen Fahrzeuge verf\u00fcgen \u00fcber zahlreiche dieser Sicherheitseinrichtungen, wie zum Beispiel Gurtstraffer, Airbags mit den dazugeh\u00f6rigen Treibmitteln, Karosserieverst\u00e4rkungen, zus\u00e4tzliche Batterien und vielen weiteren komplexen Systemen.<\/p>\n<p>Diese Sicherheitseinrichtungen haben dazu beigetragen, dass sich die Zahl der Verkehrstoten in den vergangenen 20 Jahren mehr als halbiert haben.<\/p>\n<p>&nbsp;<\/p>\n<p><img loading=\"lazy\" decoding=\"async\" class=\"alignright size-full wp-image-280\" title=\"Bildschirmfoto 2012-09-27 um 11.39.18\" alt=\"\" src=\"http:\/\/www.ff-averlak-blangenmoor.de\/wcms\/wp-content\/uploads\/2012\/09\/Bildschirmfoto-2012-09-27-um-11.39.18.png\" width=\"213\" height=\"139\" \/><\/p>\n<p>Was jedoch f\u00fcr den Insassenschutz nur positive Einwirkungen hat, stellt die Rettungskr\u00e4fte und deren Ger\u00e4t nicht \u00a0selten vor Probleme. Die neuen hochfesten St\u00e4hle der Karosserieverst\u00e4rkungen lassen das schwere Rettungsger\u00e4t der Helfer immer \u00f6fter scheitern. Die Rettungsger\u00e4te k\u00f6nnen ihre Aufgaben nicht mehr erf\u00fcllen.<\/p>\n<p>&nbsp;<\/p>\n<p>Viele Fahrzeughersteller haben diese Gefahr erkannt und bieten kostenlos die Rettungskarten zum Ausdrucken an.<\/p>\n<p><img loading=\"lazy\" decoding=\"async\" class=\"alignright size-full wp-image-281\" title=\"Bildschirmfoto 2012-09-27 um 11.39.28\" alt=\"\" src=\"http:\/\/www.ff-averlak-blangenmoor.de\/wcms\/wp-content\/uploads\/2012\/09\/Bildschirmfoto-2012-09-27-um-11.39.28.png\" width=\"213\" height=\"140\" \/><\/p>\n<p>Die Rettungskarte ist eine Anleitung f\u00fcr Rettungskr\u00e4fte, die<\/p>\n<p>ausweist an welchen Stellen sich im Fahrzeug Verst\u00e4rkungen, Airbag-Katuschen, Batterien, etc befinden.<\/p>\n<p>Die Rettungskr\u00e4fte k\u00f6nnen so schnell, sicher und gezielt mit der Rettung beginnen.<\/p>\n<p><strong>Drucken auch Sie sich ihre Rettungskarte<\/strong> und klemmen Sie diese unter die Fahrersonnenblende, denn dort schaut die Feuerwehr als erstes nach.<\/p>\n<p>Es geht um Ihre Sicherheit!<\/p>\n<p><img loading=\"lazy\" decoding=\"async\" class=\"alignright size-medium wp-image-282\" title=\"Bildschirmfoto 2012-09-27 um 12.02.55\" alt=\"\" src=\"http:\/\/www.ff-averlak-blangenmoor.de\/wcms\/wp-content\/uploads\/2012\/09\/Bildschirmfoto-2012-09-27-um-12.02.55-300x218.png\" width=\"300\" height=\"218\" srcset=\"http:\/\/www.ff-averlak-blangenmoor.de\/wcms\/wp-content\/uploads\/2012\/09\/Bildschirmfoto-2012-09-27-um-12.02.55-300x218.png 300w, http:\/\/www.ff-averlak-blangenmoor.de\/wcms\/wp-content\/uploads\/2012\/09\/Bildschirmfoto-2012-09-27-um-12.02.55.png 694w\" sizes=\"auto, (max-width: 300px) 100vw, 300px\" \/><\/p>\n<p>Um das Finden der Rettungskarte Ihres KFZ-Modells zu erleichtern, hat der ADAC ein Register angelegt, welches die Suche erleichtert. Um Ihre Rettungskarte zu finden klicken Sie auf den folgenden Link:<\/p>\n<p><a title=\"ADAC Rettungskartenregister\" href=\"http:\/\/www.adac.de\/infotestrat\/ratgeber-verkehr\/sicher-unterwegs\/rettungskarte\/default.aspx?ComponentId=32955&amp;SourcePageId=8749&amp;quer=rettungskarte\" target=\"_blank\">ADAC Rettungskartenregister<\/a><\/p>\n<p>Wir weisen darauf hin, dass Sie auf eine externe Internetseite weitergeleitet werden, f\u00fcr deren Inhalte die Feuerwehr Averlak nicht verantwortlich ist.<\/p>\n","protected":false},"excerpt":{"rendered":"&nbsp;\nDie Technik in der Autoindustrie hat sich in den letzten Jahren drastisch verbessert. Nicht nur die Techniken der Fahrzeugherstellung hat eine Ver\u00e4nderung herbeigef\u00fchrt, sondern ganz &hellip;","protected":false},"author":5,"featured_media":0,"parent":221,"menu_order":3,"comment_status":"closed","ping_status":"open","template":"","meta":{"ngg_post_thumbnail":0,"_mc_calendar":[],"footnotes":""},"class_list":["post-227","page","type-page","status-publish","hentry"],"_links":{"self":[{"href":"http:\/\/www.ff-averlak-blangenmoor.de\/wcms\/wp-json\/wp\/v2\/pages\/227","targetHints":{"allow":["GET"]}}],"collection":[{"href":"http:\/\/www.ff-averlak-blangenmoor.de\/wcms\/wp-json\/wp\/v2\/pages"}],"about":[{"href":"http:\/\/www.ff-averlak-blangenmoor.de\/wcms\/wp-json\/wp\/v2\/types\/page"}],"author":[{"embeddable":true,"href":"http:\/\/www.ff-averlak-blangenmoor.de\/wcms\/wp-json\/wp\/v2\/users\/5"}],"replies":[{"embeddable":true,"href":"http:\/\/www.ff-averlak-blangenmoor.de\/wcms\/wp-json\/wp\/v2\/comments?post=227"}],"version-history":[{"count":6,"href":"http:\/\/www.ff-averlak-blangenmoor.de\/wcms\/wp-json\/wp\/v2\/pages\/227\/revisions"}],"predecessor-version":[{"id":2311,"href":"http:\/\/www.ff-averlak-blangenmoor.de\/wcms\/wp-json\/wp\/v2\/pages\/227\/revisions\/2311"}],"up":[{"embeddable":true,"href":"http:\/\/www.ff-averlak-blangenmoor.de\/wcms\/wp-json\/wp\/v2\/pages\/221"}],"wp:attachment":[{"href":"http:\/\/www.ff-averlak-blangenmoor.de\/wcms\/wp-json\/wp\/v2\/media?parent=227"}],"curies":[{"name":"wp","href":"https:\/\/api.w.org\/{rel}","templated":true}]}}