{"id":2169,"date":"2013-11-05T18:21:48","date_gmt":"2013-11-05T16:21:48","guid":{"rendered":"http:\/\/www.ff-averlak-blangenmoor.de\/wcms\/?page_id=2169"},"modified":"2019-08-21T07:19:54","modified_gmt":"2019-08-21T05:19:54","slug":"loschwasserversorgung","status":"publish","type":"page","link":"http:\/\/www.ff-averlak-blangenmoor.de\/wcms\/burgerinformationen\/loschwasserversorgung\/","title":{"rendered":"L\u00f6schwasserversorgung"},"content":{"rendered":"<h2>Woher bekommt die Feuerwehr das L\u00f6schwasser?<\/h2>\n<p><strong>Eine Pressemitteilung des Kreisfeuerwehrverbandes zum Thema L\u00f6schwasser gibt es <a href=\"http:\/\/www.kfv-hei.de\/fileadmin\/downloads\/Presse\/Pressemitteilungen\/2018\/Dithmarschen_-_Loeschwasser_und_Gruppenfuehrerausbildung.pdf\">hier<\/a>!<\/strong><\/p>\n<p>Das Hauptl\u00f6schmittel der Feuerwehren ist Wasser.<br \/>\nIn den modernen L\u00f6schfahrzeugen befinden sich L\u00f6schwassertanks. In diesen Tanks kann eine gewisse Menge an L\u00f6schwasser transportiert werden, das im Einsatzfall sofort zur Verf\u00fcgung steht. An diesen Fahrzeugen ist ein sogenannter Schnellangriff angebracht, der bei der Feuerwehr Averlak-Blangenmoor aus drei in Buchten gelegten C-Schl\u00e4uchen besteht. Diese Schl\u00e4uche sind bereits zusammengekuppelt und mit einem Hohlstrahlrohr versehen. Bei einem Feuer kann der Angriffstrupp dieses Strahlrohr nehmen und sofort zum L\u00f6schangriff vorgehen. Die Schl\u00e4uche werden dabei abgewickelt, sodass der Maschinist das Wasser ohne Verz\u00f6gerung aus dem L\u00f6schwassertank f\u00f6rdern kann.<br \/>\nSo erm\u00f6glicht der Schnellangriff einen ersten L\u00f6schangriff, w\u00e4hrend eine stehende Wasserversorgung zu einer Wasserentnahmestelle aufgebaut wird.<br \/>\nDiese k\u00f6nnen geschlossene oder offene Wasserentnahmestellen sein. Zu den offenen Wasserentnahmestellen geh\u00f6ren alle Gr\u00e4ben, Fl\u00fcsse, Teiche, Seen, Kan\u00e4le oder andere Gew\u00e4sser. Mit der im L\u00f6schfahrzeug eingebauten Feuerl\u00f6schkreiselpumpe kann, mit Hilfe der Saugschl\u00e4uche, das L\u00f6schwasser ganz einfach gef\u00f6rdert werden.<br \/>\nHydranten oder L\u00f6schbrunnen geh\u00f6ren zu den geschlossenen Wasserentnahmestellen. Ihre Lage wird durch entsprechende Schilder kenntlich gemacht, um ein langes Suchen zu vermeiden. Die Schilder sind deshalb immer ersichtlich anzubringen und freizuhalten. Hydranten unterscheiden sich in ihrer Bauart.<\/p>\n<p>&nbsp;<\/p>\n<p><img loading=\"lazy\" decoding=\"async\" class=\"alignright size-medium wp-image-2171\" src=\"http:\/\/www.ff-averlak-blangenmoor.de\/wcms\/wp-content\/uploads\/2013\/10\/IMGP0837-199x300.jpg\" alt=\"IMGP0837\" width=\"199\" height=\"300\" srcset=\"http:\/\/www.ff-averlak-blangenmoor.de\/wcms\/wp-content\/uploads\/2013\/10\/IMGP0837-199x300.jpg 199w, http:\/\/www.ff-averlak-blangenmoor.de\/wcms\/wp-content\/uploads\/2013\/10\/IMGP0837-680x1024.jpg 680w\" sizes=\"auto, (max-width: 199px) 100vw, 199px\" \/><\/p>\n<p>&nbsp;<\/p>\n<p>&nbsp;<\/p>\n<p>&nbsp;<\/p>\n<ul>\n<li><strong>Der Unterflurhydrant<\/strong>.<br \/>\nEr liegt unterhalb der Oberfl\u00e4che unter einem Eisendeckel. Dieser kann mit Hilfe eines Hydrantenschl\u00fcsselt angehoben werden, um das Standrohr anzuschlie\u00dfen. Nach dem \u00d6ffen des Ventils kann das Wasser mit dem Leitungsdruck in die Schl\u00e4uche gelassen werden. <strong>ACHTUNG<\/strong>: Da die Hydranten unterhalb der Oberfl\u00e4che liegen, k\u00f6nnen sie leicht durch Laub und Sand verdeckt werden. Auch Autos k\u00f6nnen auf ihnen parken und den Zugang so versperren.<\/li>\n<\/ul>\n<p>&nbsp;<\/p>\n<p>&nbsp;<\/p>\n<p>&nbsp;<\/p>\n<p>&nbsp;<\/p>\n<p><img loading=\"lazy\" decoding=\"async\" class=\"alignright size-thumbnail wp-image-2238\" src=\"http:\/\/www.ff-averlak-blangenmoor.de\/wcms\/wp-content\/uploads\/2013\/11\/232-150x150.jpg\" alt=\"232\" width=\"150\" height=\"150\"\/><\/p>\n<p>&nbsp;<\/p>\n<ul>\n<li><span style=\"line-height: 13px;\">&nbsp;<strong>Der Mittelflurhydrant.<br \/>\n<\/strong>Seine Kupplung, an dem das Schlauchmaterial f\u00fcr die Wasserentnahme angeschlossen werden kann, liegt oberhalb der Oberfl\u00e4che. Das Ventil vom Hydrant liegt unter einem Eisendeckel unterhalb der Oberfl\u00e4che. Auch hier wird nach \u00f6ffnen das Wasser unter Leitungsdruck in die Schl\u00e4uche eingelassen.&nbsp;<\/span><\/li>\n<\/ul>\n<p>&nbsp;<\/p>\n<p>&nbsp;<\/p>\n<p><img loading=\"lazy\" decoding=\"async\" class=\"alignright size-full wp-image-2242\" src=\"http:\/\/www.ff-averlak-blangenmoor.de\/wcms\/wp-content\/uploads\/2013\/11\/image_mini.jpg\" alt=\"image_mini\" width=\"200\" height=\"200\" srcset=\"http:\/\/www.ff-averlak-blangenmoor.de\/wcms\/wp-content\/uploads\/2013\/11\/image_mini.jpg 200w, http:\/\/www.ff-averlak-blangenmoor.de\/wcms\/wp-content\/uploads\/2013\/11\/image_mini-150x150.jpg 150w\" sizes=\"auto, (max-width: 200px) 100vw, 200px\" \/><\/p>\n<p>&nbsp;<\/p>\n<p>&nbsp;<\/p>\n<ul>\n<li><strong style=\"line-height: 13px;\">Der \u00dcberflurhydrant.<\/strong><br \/>\n<span style=\"line-height: 13px;\">Er liegt komplett \u00fcber der Oberfl\u00e4che. In der Regel besitzt er mehrere Abg\u00e4nge. Das \u00d6ffnen des&nbsp;Ventils erfolgt bei diesem Hydranten mit einem Steckschl\u00fcssel am Hydrantenkopf.&nbsp;<\/span><\/li>\n<\/ul>\n<p>&nbsp;<\/p>\n<p>&nbsp;<\/p>\n<p>&nbsp;<\/p>\n<p>Die optimale Versorgung mit L\u00f6schwasser ist f\u00fcr jeden B\u00fcrger von Interesse. Damit es im Ernstfall nicht zu einer Verz\u00f6gerung der L\u00f6schwasserversorgung kommt, sollte man zwischendurch ein Auge auf Hydranten werfen, die sich an dem eigenen Grundst\u00fcck befinden. Dabei gen\u00fcgt es, ihn von groben Verschmutzungen frei zu halten.<br \/>\n<strong>F\u00fcr Fragen stehen wir gerne zur Verf\u00fcgung:<\/strong> <a title=\"Kontakt\" href=\"http:\/\/www.ff-averlak-blangenmoor.de\/wcms\/kontakt\/\" target=\"_blank\" rel=\"noopener\">Kontakt<\/a><\/p>\n","protected":false},"excerpt":{"rendered":"Woher bekommt die Feuerwehr das L\u00f6schwasser?\nEine Pressemitteilung des Kreisfeuerwehrverbandes zum Thema L\u00f6schwasser gibt es hier!\nDas Hauptl\u00f6schmittel der Feuerwehren ist Wasser.\nIn den modernen L\u00f6schfahrzeugen befinden sich &hellip;","protected":false},"author":5,"featured_media":0,"parent":221,"menu_order":14,"comment_status":"closed","ping_status":"open","template":"","meta":{"ngg_post_thumbnail":0,"_mc_calendar":[],"footnotes":""},"class_list":["post-2169","page","type-page","status-publish","hentry"],"_links":{"self":[{"href":"http:\/\/www.ff-averlak-blangenmoor.de\/wcms\/wp-json\/wp\/v2\/pages\/2169","targetHints":{"allow":["GET"]}}],"collection":[{"href":"http:\/\/www.ff-averlak-blangenmoor.de\/wcms\/wp-json\/wp\/v2\/pages"}],"about":[{"href":"http:\/\/www.ff-averlak-blangenmoor.de\/wcms\/wp-json\/wp\/v2\/types\/page"}],"author":[{"embeddable":true,"href":"http:\/\/www.ff-averlak-blangenmoor.de\/wcms\/wp-json\/wp\/v2\/users\/5"}],"replies":[{"embeddable":true,"href":"http:\/\/www.ff-averlak-blangenmoor.de\/wcms\/wp-json\/wp\/v2\/comments?post=2169"}],"version-history":[{"count":21,"href":"http:\/\/www.ff-averlak-blangenmoor.de\/wcms\/wp-json\/wp\/v2\/pages\/2169\/revisions"}],"predecessor-version":[{"id":7232,"href":"http:\/\/www.ff-averlak-blangenmoor.de\/wcms\/wp-json\/wp\/v2\/pages\/2169\/revisions\/7232"}],"up":[{"embeddable":true,"href":"http:\/\/www.ff-averlak-blangenmoor.de\/wcms\/wp-json\/wp\/v2\/pages\/221"}],"wp:attachment":[{"href":"http:\/\/www.ff-averlak-blangenmoor.de\/wcms\/wp-json\/wp\/v2\/media?parent=2169"}],"curies":[{"name":"wp","href":"https:\/\/api.w.org\/{rel}","templated":true}]}}