{"id":1790,"date":"2013-08-23T14:44:00","date_gmt":"2013-08-23T12:44:00","guid":{"rendered":"http:\/\/www.ff-averlak-blangenmoor.de\/wcms\/?page_id=1790"},"modified":"2013-11-06T11:54:13","modified_gmt":"2013-11-06T09:54:13","slug":"sichtbare-hausnummern","status":"publish","type":"page","link":"http:\/\/www.ff-averlak-blangenmoor.de\/wcms\/burgerinformationen\/sichtbare-hausnummern\/","title":{"rendered":"Sichtbare Hausnummern"},"content":{"rendered":"<p>Nicht bei allen Eins\u00e4tzen ist schon vom Weiten zu erkennen, hinter welcher Haust\u00fcr die Helfer gebraucht werden!<br \/>\nDie angeforderten Hilfskr\u00e4fte setzen alles daran den betroffenen Personen die ben\u00f6tigte Hilfe so schnell wie m\u00f6glich zukommen zu lassen.<\/p>\n<p>Doch leider ist Dieses auf Grund von nicht sichtbaren Hausnummern oder Stra\u00dfennamen nicht immer m\u00f6glich. Beim Suchen der Hausnummern k\u00f6nnen wichtige Minuten vergehen.<\/p>\n<p><strong>Machen Sie ihre Hausnummern sichtbar, damit es im Ernstfall glatt l\u00e4uft!<\/strong><\/p>\n<ul>\n<li><span style=\"line-height: 13px;\">beleuchten sie ihre Hausnummer<\/span><\/li>\n<li>bei langen Auffahrten bringen sie an der Einfahrt die Nummer an<\/li>\n<li>lassen sie die Nummern nicht einwachsen<\/li>\n<li>verwenden sie keine verzierten Nummern, die schwer zu lesen sind<\/li>\n<li>w\u00e4hlen sie die Nummern gro\u00df genug um sie aus der Entfernung lesen zu k\u00f6nnen<\/li>\n<\/ul>\n","protected":false},"excerpt":{"rendered":"Nicht bei allen Eins\u00e4tzen ist schon vom Weiten zu erkennen, hinter welcher Haust\u00fcr die Helfer gebraucht werden!\nDie angeforderten Hilfskr\u00e4fte setzen alles daran den betroffenen Personen &hellip;","protected":false},"author":5,"featured_media":0,"parent":221,"menu_order":8,"comment_status":"closed","ping_status":"open","template":"","meta":{"ngg_post_thumbnail":0,"_mc_calendar":[],"footnotes":""},"class_list":["post-1790","page","type-page","status-publish","hentry"],"_links":{"self":[{"href":"http:\/\/www.ff-averlak-blangenmoor.de\/wcms\/wp-json\/wp\/v2\/pages\/1790","targetHints":{"allow":["GET"]}}],"collection":[{"href":"http:\/\/www.ff-averlak-blangenmoor.de\/wcms\/wp-json\/wp\/v2\/pages"}],"about":[{"href":"http:\/\/www.ff-averlak-blangenmoor.de\/wcms\/wp-json\/wp\/v2\/types\/page"}],"author":[{"embeddable":true,"href":"http:\/\/www.ff-averlak-blangenmoor.de\/wcms\/wp-json\/wp\/v2\/users\/5"}],"replies":[{"embeddable":true,"href":"http:\/\/www.ff-averlak-blangenmoor.de\/wcms\/wp-json\/wp\/v2\/comments?post=1790"}],"version-history":[{"count":4,"href":"http:\/\/www.ff-averlak-blangenmoor.de\/wcms\/wp-json\/wp\/v2\/pages\/1790\/revisions"}],"predecessor-version":[{"id":1793,"href":"http:\/\/www.ff-averlak-blangenmoor.de\/wcms\/wp-json\/wp\/v2\/pages\/1790\/revisions\/1793"}],"up":[{"embeddable":true,"href":"http:\/\/www.ff-averlak-blangenmoor.de\/wcms\/wp-json\/wp\/v2\/pages\/221"}],"wp:attachment":[{"href":"http:\/\/www.ff-averlak-blangenmoor.de\/wcms\/wp-json\/wp\/v2\/media?parent=1790"}],"curies":[{"name":"wp","href":"https:\/\/api.w.org\/{rel}","templated":true}]}}