{"id":1729,"date":"2013-09-04T12:09:41","date_gmt":"2013-09-04T10:09:41","guid":{"rendered":"http:\/\/www.ff-averlak-blangenmoor.de\/wcms\/?page_id=1729"},"modified":"2013-11-06T11:55:04","modified_gmt":"2013-11-06T09:55:04","slug":"biogasanlagen-eine-gefahr","status":"publish","type":"page","link":"http:\/\/www.ff-averlak-blangenmoor.de\/wcms\/burgerinformationen\/biogasanlagen-eine-gefahr\/","title":{"rendered":"Biogasanlagen; eine Gefahr?"},"content":{"rendered":"<p><img loading=\"lazy\" decoding=\"async\" class=\"aligncenter size-full wp-image-1738\" alt=\"Biogas\" src=\"http:\/\/www.ff-averlak-blangenmoor.de\/wcms\/wp-content\/uploads\/2013\/08\/Biogas.jpg\" width=\"542\" height=\"115\" srcset=\"http:\/\/www.ff-averlak-blangenmoor.de\/wcms\/wp-content\/uploads\/2013\/08\/Biogas.jpg 542w, http:\/\/www.ff-averlak-blangenmoor.de\/wcms\/wp-content\/uploads\/2013\/08\/Biogas-300x63.jpg 300w\" sizes=\"auto, (max-width: 542px) 100vw, 542px\" \/><\/p>\n<p>Biogasanlagen werden eingesetzt um aus G\u00fclle und anderen Kofermenten Biogas zu erzeugen. Aus den Biogasen wird dann in einem nachgeschalteten Blockheizkraftwerk Strom und W\u00e4rme erzeugt.<br \/>\nAuch in unserer n\u00e4heren Umgebung sind solche Biogasanlagen zu finden.<\/p>\n<ul>\n<li><span style=\"line-height: 13px;\">Fridrichshof (Dingen)<\/span><\/li>\n<li>St. Michaelisdonn<\/li>\n<li>Buchholz<\/li>\n<\/ul>\n<p><strong>Welche Gefahren gehen von einer Biogasanlage aus?<\/strong><\/p>\n<ul>\n<li><strong>Das Biogas<\/strong>: Biogas besteht aus mehreren Bestandteilen; Wasser (H2O), Kohlenstoffdioxid (CO2), Methan (CH4), Stickstoff (N2), Sauerstoff (O2), Schwefelwasserstoff (H2S) und Wasserstoff (H2).<br \/>\nDie Hauptbestandteile besitzen alle f\u00fcr den Menschen gef\u00e4hrliche Eigenschaften: Schwefelwasserstoff (giftig und brennbar &#8211; ab einer Konzentration von 5000 ppm t\u00f6dlich \/ Atemgift), Methan (hochentz\u00fcndlich \/ Atemgift), Kohlenstoffdioxid (erstickende Wirkung \/ Atemgift), Stickstoff (erstickende Wirkung \/ Atemgift).<\/li>\n<li><strong>Wasserdampf:<\/strong> Verbr\u00fchungen bei Austritt<br \/>\n<strong><\/strong><\/li>\n<li><strong>Elektrische Spannung:\u00a0<\/strong>Im Blockheitzkraftwerk wird Strom erzeugt<\/li>\n<\/ul>\n<p>&nbsp;<\/p>\n<p><strong>Doch was passiert, wenn es dort zu einem Schadensfall kommt?<\/strong><\/p>\n<ul>\n<li><span style=\"line-height: 13px;\"><strong>Atemgifte treten aus<\/strong>: Das Biogas enth\u00e4lt Schwefelwasserstoff. Dieses Gas hat die Eigenschaft stark nach verfaulten Eiern zu riechen. Die Konzentration der entwichenen Gase l\u00e4sst sich dabei nicht am Geruch feststellen, da der Schwefelwasserstoff schon bei geringen Mengen stark riecht und sich dabei nicht proportional zur Konzentration verh\u00e4lt.\u00a0<\/span><\/li>\n<li><strong>Brennbare Gase treten aus<\/strong>: Das Biogas sammelt sich unter den Folienhauben \u00fcber den G\u00e4rbeh\u00e4ltern. Sollte es dort zu einer Leckage kommen, so ist die Gefahr der Bildung eines explosionsf\u00e4higen Gemisches gering. Die austretenden Gase brennen dort nach Au\u00dfen hin ab. Eine Explosionsgefahr ist jedoch gegeben, wenn die Gase nicht abgefackelt werden, es zu einem explosiven Gas-Luftgemisch kommt und eine Z\u00fcndquelle vorhanden ist. Diese Bereiche sind jedoch als Ex-Zonen gekennzeichnet.<\/li>\n<li><strong>Elektrische Spannungen im BHKW<\/strong>: Im Blockheizkraftwerk wird durch Verbrennung der Biogase der Strom erzeugt. Dieser wird dann bei bis zu 30kV in das Stromnetz gebracht. Bei L\u00f6scharbeiten der Feuerwehr birgt dies Gefahren. Aus diesem Grund m\u00fcssen bei Arbeiten mit L\u00f6schwasser hier Sicherheitsabst\u00e4nde eingehalten werden.<\/li>\n<li><strong>Wasserdampf tritt aus<\/strong>: Im Blockheitzkraftwerk wird \u00fcber Leitungen hei\u00dfer Wasserdampf transportiert. Bei Leckagen kann es hier zu Verbr\u00fchungen kommen.<\/li>\n<\/ul>\n<p>&nbsp;<\/p>\n<p><strong>Muss ich mir Gedanken machen? &#8211; Nein.<\/strong><\/p>\n<p>Der Betrieb einer Biogasanlage beinhaltet f\u00fcr die Bev\u00f6lkerung keine Gef\u00e4hrdung. Im St\u00f6rfall liegt der Gefahrenradius so eng um die Anlage, dass eine Gef\u00e4hrdung nur unmittelbar in der N\u00e4he der Biogasanlage vorliegt.<br \/>\nIm Falle einer St\u00f6rung werden technische Sicherheitsma\u00dfnahmen aktiv. Zus\u00e4tzlich trainieren Feuerwehren, die eine solche Anlage in ihrem Zust\u00e4ndigkeitsbereich haben, regelm\u00e4\u00dfig den Ernstfall. Auch die Feuerwehr Averlak-Blangenmoor \u00fcbt mit den Eddelaker Kameraden regelm\u00e4\u00dfig an der Biogasanlage in Friedrichshof.<br \/>\nSollte es zum Austritt der Biogase kommen, werden diese an der Luft so stark verd\u00fcnnt, dass keine Gef\u00e4hrdung in Siedlungen zu erwarten ist.<\/p>\n","protected":false},"excerpt":{"rendered":"\nBiogasanlagen werden eingesetzt um aus G\u00fclle und anderen Kofermenten Biogas zu erzeugen. Aus den Biogasen wird dann in einem nachgeschalteten Blockheizkraftwerk Strom und W\u00e4rme erzeugt.\nAuch &hellip;","protected":false},"author":5,"featured_media":0,"parent":221,"menu_order":12,"comment_status":"closed","ping_status":"open","template":"","meta":{"ngg_post_thumbnail":0,"_mc_calendar":[],"footnotes":""},"class_list":["post-1729","page","type-page","status-publish","hentry"],"_links":{"self":[{"href":"http:\/\/www.ff-averlak-blangenmoor.de\/wcms\/wp-json\/wp\/v2\/pages\/1729","targetHints":{"allow":["GET"]}}],"collection":[{"href":"http:\/\/www.ff-averlak-blangenmoor.de\/wcms\/wp-json\/wp\/v2\/pages"}],"about":[{"href":"http:\/\/www.ff-averlak-blangenmoor.de\/wcms\/wp-json\/wp\/v2\/types\/page"}],"author":[{"embeddable":true,"href":"http:\/\/www.ff-averlak-blangenmoor.de\/wcms\/wp-json\/wp\/v2\/users\/5"}],"replies":[{"embeddable":true,"href":"http:\/\/www.ff-averlak-blangenmoor.de\/wcms\/wp-json\/wp\/v2\/comments?post=1729"}],"version-history":[{"count":10,"href":"http:\/\/www.ff-averlak-blangenmoor.de\/wcms\/wp-json\/wp\/v2\/pages\/1729\/revisions"}],"predecessor-version":[{"id":2318,"href":"http:\/\/www.ff-averlak-blangenmoor.de\/wcms\/wp-json\/wp\/v2\/pages\/1729\/revisions\/2318"}],"up":[{"embeddable":true,"href":"http:\/\/www.ff-averlak-blangenmoor.de\/wcms\/wp-json\/wp\/v2\/pages\/221"}],"wp:attachment":[{"href":"http:\/\/www.ff-averlak-blangenmoor.de\/wcms\/wp-json\/wp\/v2\/media?parent=1729"}],"curies":[{"name":"wp","href":"https:\/\/api.w.org\/{rel}","templated":true}]}}